{"id":2634,"date":"2026-01-19T10:23:42","date_gmt":"2026-01-19T10:23:42","guid":{"rendered":"https:\/\/belluccisrl.com\/?post_type=product&#038;p=2634"},"modified":"2026-01-27T16:26:41","modified_gmt":"2026-01-27T16:26:41","slug":"eurotech-robo-clean-anno-2026","status":"publish","type":"product","link":"https:\/\/belluccisrl.com\/it\/product\/eurotech-robo-clean-anno-2026\/","title":{"rendered":"EUROTECH WAY ROBO CLEAN &#8211; Anno 2026"},"content":{"rendered":"\n<p>Robot per la pulizia e la lucidatura di rulli in silice fusa per forni di tempra del vetro<\/p>\n\n\n\n<p><\/p>\n","protected":false},"featured_media":0,"template":"","meta":{"_acf_changed":true},"product-category":[85],"class_list":["post-2634","product","type-product","status-publish","hentry","product-category-novita"],"acf":{"technical_data_sheet":"<p>PRINCIPALI CARATTERISTICHE DI FUNZIONAMENTO<br \/>\nIl modello di robot &#8220;RoboClean&#8221;, sviluppato da Eurotech Way, \u00e8 un robot facile da usare e completamente<br \/>\nsicuro per la pulizia e la lucidatura. Rimuove polvere e silice fusa dai rulli all&#8217;interno di qualsiasi tipo<br \/>\ndi forni di tempra di diversi produttori.<br \/>\nIl RoboClean viene installato all&#8217;interno del forno, all&#8217;inizio dell&#8217;area da trattare,<br \/>\ne lavora contemporaneamente su due rulli;<br \/>\nLa testa di pulizia del &#8220;RoboClean&#8221; \u00e8 dotata di un sistema automatico di livellamento e compensazione,<br \/>\nper garantire una pressione regolabile e costante su tutta la superficie dei rulli.<br \/>\nSono disponibili tre diverse tipologie di utensili; ogni utensile \u00e8 stato progettato per proteggere (e non danneggiare)<br \/>\nl&#8217;integrit\u00e0 della superficie dei rulli. Gli altri accessori sono realizzati con materiali morbidi per evitare qualsiasi danno ai rulli, attraverso lo specifico sistema di smorzamento della testa di lavoro,<br \/>\ngrazie al quale il RoboClean \u00e8 in grado di eseguire una delicata azione di pulizia.<br \/>\nUno speciale disco, assemblato con una serie di lame rotanti in acciaio ad alta resistenza, &#8220;taglia e<br \/>\nrimuove&#8221; in modo estremamente preciso e sicuro tutti i residui di particelle di vetro o vernice (anche<br \/>\ndi dimensioni microscopiche) dalla superficie dei rulli. Queste lame sono totalmente indipendenti e autolivellanti e svolgono un&#8217;azione non abrasiva sui rulli. La loro velocit\u00e0 \u00e8 variabile, controllata e impostata<br \/>\ncon tecnologia a motore brushless.<br \/>\nDurante l&#8217;ultima fase del processo di pulizia, uno specifico disco realizzato con uno speciale tessuto in fibra,<br \/>\nrimuove ogni residuo di polvere dalla superficie dei rulli, consentendo l&#8217;immediato riavvio in produzione<br \/>\ndel forno.<br \/>\nIl processo garantisce che la superficie dei rulli, una volta pulita, sia uguale e talvolta<br \/>\nmigliore rispetto a quando il forno \u00e8 stato acquistato!<br \/>\nIl robot &#8220;RoboClean&#8221; \u00e8 dotato di un sistema di aspirazione e filtrazione (integrato con allarme di intasamento del filtro che indica la necessit\u00e0 di pulirlo), che consente l&#8217;aspirazione<br \/>\ndella polvere residua\/rimossa.<br \/>\n\u201cRoboClean\u201d \u00e8 dotato di un PLC installato nel cabinet, che consente di gestire e controllare tutte le funzioni di RoboClean durante il processo di lavorazione. Tutti i parametri e i dati di lavoro possono essere impostati tramite un&#8217;interfaccia operatore touch-screen.<br \/>\n\u201cRoboClean\u201d pu\u00f2 essere utilizzato su diversi forni, poich\u00e9 \u00e8 possibile memorizzare tutti i parametri di lavoro per<br \/>\nogni singolo forno.<br \/>\nIl software personalizzato del PLC di \u201cRoboClean\u201d mostra sullo schermo tutte le descrizioni degli allarmi<br \/>\nassociate a immagini, per un&#8217;identificazione immediata del problema.<br \/>\nInoltre, in caso di attivazione di un allarme, il processo verr\u00e0 immediatamente interrotto e la testa di lavoro<br \/>\nsi sollever\u00e0 rapidamente per evitare danni ai rulli.<br \/>\nInoltre, grazie ai rulli perfettamente puliti, il forno produrr\u00e0 vetro di ottima qualit\u00e0<br \/>\nimmediatamente dopo il riavvio.<br \/>\nL&#8217;intero processo di pulizia a secco viene eseguito automaticamente, quindi non \u00e8 necessario<br \/>\nlavare i rulli.<br \/>\nPolvere e sporco (anche microscopici) vengono completamente rimossi dalla superficie dei rulli perch\u00e9 il<br \/>\nsoftware controlla, regola e sincronizza tutti i movimenti della testa di pulizia in base alla<br \/>\nvelocit\u00e0 di rotazione dei rulli. Per questo motivo, l&#8217;intera superficie di ogni rullo trattato viene perfettamente<br \/>\npulita e lucidata.<\/p>\n","technical_data_sheel":{"ID":2635,"id":2635,"title":"brochure-roboclean-italiano-30-1-19","filename":"brochure-roboclean-italiano-30-1-19-1.pdf","filesize":1088559,"url":"https:\/\/belluccisrl.com\/wp-content\/uploads\/2026\/01\/brochure-roboclean-italiano-30-1-19-1.pdf","link":"https:\/\/belluccisrl.com\/it\/product\/eurotech-robo-clean-anno-2026\/brochure-roboclean-italiano-30-1-19\/","alt":"","author":"2","description":"","caption":"","name":"brochure-roboclean-italiano-30-1-19","status":"inherit","uploaded_to":2634,"date":"2026-01-19 10:50:10","modified":"2026-01-19 10:50:10","menu_order":0,"mime_type":"application\/pdf","type":"application","subtype":"pdf","icon":"https:\/\/belluccisrl.com\/wp-includes\/images\/media\/document.png"},"layout":false,"image_10":false,"image_7":false,"image_8":false,"image_9":false,"feature_image":"https:\/\/belluccisrl.com\/wp-content\/uploads\/2026\/01\/Robo-Clean-6.jpeg","image_2":{"ID":2649,"id":2649,"title":"Robo Clean (5)","filename":"Robo-Clean-5.jpeg","filesize":105556,"url":"https:\/\/belluccisrl.com\/wp-content\/uploads\/2026\/01\/Robo-Clean-5.jpeg","link":"https:\/\/belluccisrl.com\/it\/product\/eurotech-robo-clean-anno-2026\/robo-clean-5-2\/","alt":"","author":"2","description":"","caption":"","name":"robo-clean-5-2","status":"inherit","uploaded_to":2634,"date":"2026-01-19 10:20:55","modified":"2026-01-19 10:20:55","menu_order":0,"mime_type":"image\/jpeg","type":"image","subtype":"jpeg","icon":"https:\/\/belluccisrl.com\/wp-includes\/images\/media\/default.png","width":739,"height":1600,"sizes":{"thumbnail":"https:\/\/belluccisrl.com\/wp-content\/uploads\/2026\/01\/Robo-Clean-5-150x150.jpeg","thumbnail-width":150,"thumbnail-height":150,"medium":"https:\/\/belluccisrl.com\/wp-content\/uploads\/2026\/01\/Robo-Clean-5-139x300.jpeg","medium-width":139,"medium-height":300,"medium_large":"https:\/\/belluccisrl.com\/wp-content\/uploads\/2026\/01\/Robo-Clean-5.jpeg","medium_large-width":739,"medium_large-height":1600,"large":"https:\/\/belluccisrl.com\/wp-content\/uploads\/2026\/01\/Robo-Clean-5-473x1024.jpeg","large-width":473,"large-height":1024,"1536x1536":"https:\/\/belluccisrl.com\/wp-content\/uploads\/2026\/01\/Robo-Clean-5-709x1536.jpeg","1536x1536-width":709,"1536x1536-height":1536,"2048x2048":"https:\/\/belluccisrl.com\/wp-content\/uploads\/2026\/01\/Robo-Clean-5.jpeg","2048x2048-width":739,"2048x2048-height":1600}},"image_3":{"ID":2648,"id":2648,"title":"Robo Clean (4)","filename":"Robo-Clean-4.jpeg","filesize":80411,"url":"https:\/\/belluccisrl.com\/wp-content\/uploads\/2026\/01\/Robo-Clean-4.jpeg","link":"https:\/\/belluccisrl.com\/it\/product\/eurotech-robo-clean-anno-2026\/robo-clean-4-2\/","alt":"","author":"2","description":"","caption":"","name":"robo-clean-4-2","status":"inherit","uploaded_to":2634,"date":"2026-01-19 10:20:53","modified":"2026-01-19 10:20:53","menu_order":0,"mime_type":"image\/jpeg","type":"image","subtype":"jpeg","icon":"https:\/\/belluccisrl.com\/wp-includes\/images\/media\/default.png","width":1600,"height":739,"sizes":{"thumbnail":"https:\/\/belluccisrl.com\/wp-content\/uploads\/2026\/01\/Robo-Clean-4-150x150.jpeg","thumbnail-width":150,"thumbnail-height":150,"medium":"https:\/\/belluccisrl.com\/wp-content\/uploads\/2026\/01\/Robo-Clean-4-300x139.jpeg","medium-width":300,"medium-height":139,"medium_large":"https:\/\/belluccisrl.com\/wp-content\/uploads\/2026\/01\/Robo-Clean-4-768x355.jpeg","medium_large-width":768,"medium_large-height":355,"large":"https:\/\/belluccisrl.com\/wp-content\/uploads\/2026\/01\/Robo-Clean-4-1024x473.jpeg","large-width":800,"large-height":370,"1536x1536":"https:\/\/belluccisrl.com\/wp-content\/uploads\/2026\/01\/Robo-Clean-4-1536x709.jpeg","1536x1536-width":1536,"1536x1536-height":709,"2048x2048":"https:\/\/belluccisrl.com\/wp-content\/uploads\/2026\/01\/Robo-Clean-4.jpeg","2048x2048-width":1600,"2048x2048-height":739}},"image_4":{"ID":2647,"id":2647,"title":"Robo Clean (3)","filename":"Robo-Clean-3.jpeg","filesize":97253,"url":"https:\/\/belluccisrl.com\/wp-content\/uploads\/2026\/01\/Robo-Clean-3.jpeg","link":"https:\/\/belluccisrl.com\/it\/product\/eurotech-robo-clean-anno-2026\/robo-clean-3-2\/","alt":"","author":"2","description":"","caption":"","name":"robo-clean-3-2","status":"inherit","uploaded_to":2634,"date":"2026-01-19 10:20:50","modified":"2026-01-19 10:20:50","menu_order":0,"mime_type":"image\/jpeg","type":"image","subtype":"jpeg","icon":"https:\/\/belluccisrl.com\/wp-includes\/images\/media\/default.png","width":739,"height":1600,"sizes":{"thumbnail":"https:\/\/belluccisrl.com\/wp-content\/uploads\/2026\/01\/Robo-Clean-3-150x150.jpeg","thumbnail-width":150,"thumbnail-height":150,"medium":"https:\/\/belluccisrl.com\/wp-content\/uploads\/2026\/01\/Robo-Clean-3-139x300.jpeg","medium-width":139,"medium-height":300,"medium_large":"https:\/\/belluccisrl.com\/wp-content\/uploads\/2026\/01\/Robo-Clean-3.jpeg","medium_large-width":739,"medium_large-height":1600,"large":"https:\/\/belluccisrl.com\/wp-content\/uploads\/2026\/01\/Robo-Clean-3-473x1024.jpeg","large-width":473,"large-height":1024,"1536x1536":"https:\/\/belluccisrl.com\/wp-content\/uploads\/2026\/01\/Robo-Clean-3-709x1536.jpeg","1536x1536-width":709,"1536x1536-height":1536,"2048x2048":"https:\/\/belluccisrl.com\/wp-content\/uploads\/2026\/01\/Robo-Clean-3.jpeg","2048x2048-width":739,"2048x2048-height":1600}},"image_5":{"ID":2645,"id":2645,"title":"Robo Clean (1)","filename":"Robo-Clean-1.jpeg","filesize":113501,"url":"https:\/\/belluccisrl.com\/wp-content\/uploads\/2026\/01\/Robo-Clean-1.jpeg","link":"https:\/\/belluccisrl.com\/it\/product\/eurotech-robo-clean-anno-2026\/robo-clean-1-3\/","alt":"","author":"2","description":"","caption":"","name":"robo-clean-1-3","status":"inherit","uploaded_to":2634,"date":"2026-01-19 10:20:47","modified":"2026-01-19 10:20:47","menu_order":0,"mime_type":"image\/jpeg","type":"image","subtype":"jpeg","icon":"https:\/\/belluccisrl.com\/wp-includes\/images\/media\/default.png","width":1600,"height":739,"sizes":{"thumbnail":"https:\/\/belluccisrl.com\/wp-content\/uploads\/2026\/01\/Robo-Clean-1-150x150.jpeg","thumbnail-width":150,"thumbnail-height":150,"medium":"https:\/\/belluccisrl.com\/wp-content\/uploads\/2026\/01\/Robo-Clean-1-300x139.jpeg","medium-width":300,"medium-height":139,"medium_large":"https:\/\/belluccisrl.com\/wp-content\/uploads\/2026\/01\/Robo-Clean-1-768x355.jpeg","medium_large-width":768,"medium_large-height":355,"large":"https:\/\/belluccisrl.com\/wp-content\/uploads\/2026\/01\/Robo-Clean-1-1024x473.jpeg","large-width":800,"large-height":370,"1536x1536":"https:\/\/belluccisrl.com\/wp-content\/uploads\/2026\/01\/Robo-Clean-1-1536x709.jpeg","1536x1536-width":1536,"1536x1536-height":709,"2048x2048":"https:\/\/belluccisrl.com\/wp-content\/uploads\/2026\/01\/Robo-Clean-1.jpeg","2048x2048-width":1600,"2048x2048-height":739}},"image_6":{"ID":2646,"id":2646,"title":"Robo Clean (2)","filename":"Robo-Clean-2.jpeg","filesize":93062,"url":"https:\/\/belluccisrl.com\/wp-content\/uploads\/2026\/01\/Robo-Clean-2.jpeg","link":"https:\/\/belluccisrl.com\/it\/product\/eurotech-robo-clean-anno-2026\/robo-clean-2-3\/","alt":"","author":"2","description":"","caption":"","name":"robo-clean-2-3","status":"inherit","uploaded_to":2634,"date":"2026-01-19 10:20:49","modified":"2026-01-19 10:20:49","menu_order":0,"mime_type":"image\/jpeg","type":"image","subtype":"jpeg","icon":"https:\/\/belluccisrl.com\/wp-includes\/images\/media\/default.png","width":1600,"height":739,"sizes":{"thumbnail":"https:\/\/belluccisrl.com\/wp-content\/uploads\/2026\/01\/Robo-Clean-2-150x150.jpeg","thumbnail-width":150,"thumbnail-height":150,"medium":"https:\/\/belluccisrl.com\/wp-content\/uploads\/2026\/01\/Robo-Clean-2-300x139.jpeg","medium-width":300,"medium-height":139,"medium_large":"https:\/\/belluccisrl.com\/wp-content\/uploads\/2026\/01\/Robo-Clean-2-768x355.jpeg","medium_large-width":768,"medium_large-height":355,"large":"https:\/\/belluccisrl.com\/wp-content\/uploads\/2026\/01\/Robo-Clean-2-1024x473.jpeg","large-width":800,"large-height":370,"1536x1536":"https:\/\/belluccisrl.com\/wp-content\/uploads\/2026\/01\/Robo-Clean-2-1536x709.jpeg","1536x1536-width":1536,"1536x1536-height":709,"2048x2048":"https:\/\/belluccisrl.com\/wp-content\/uploads\/2026\/01\/Robo-Clean-2.jpeg","2048x2048-width":1600,"2048x2048-height":739}},"video_1":"https:\/\/belluccisrl.com\/wp-content\/uploads\/2026\/01\/Robo-Clean-2.mp4","video_2":"https:\/\/belluccisrl.com\/wp-content\/uploads\/2026\/01\/Robo-Clean-1.mp4"},"yoast_head":"<!-- This site is optimized with the Yoast SEO plugin v26.8 - https:\/\/yoast.com\/product\/yoast-seo-wordpress\/ -->\n<title>EUROTECH WAY ROBO CLEAN - Anno 2026 | Bellucci srl<\/title>\n<meta name=\"robots\" content=\"index, follow, max-snippet:-1, max-image-preview:large, max-video-preview:-1\" \/>\n<link rel=\"canonical\" href=\"https:\/\/belluccisrl.com\/it\/product\/eurotech-robo-clean-anno-2026\/\" \/>\n<meta property=\"og:locale\" content=\"it_IT\" \/>\n<meta property=\"og:type\" content=\"article\" \/>\n<meta property=\"og:title\" content=\"EUROTECH WAY ROBO CLEAN - Anno 2026 | Bellucci srl\" \/>\n<meta property=\"og:description\" content=\"Robot per la pulizia e la lucidatura di rulli in silice fusa per forni di tempra del vetro\" \/>\n<meta property=\"og:url\" content=\"https:\/\/belluccisrl.com\/it\/product\/eurotech-robo-clean-anno-2026\/\" \/>\n<meta property=\"og:site_name\" content=\"Bellucci srl\" \/>\n<meta property=\"article:publisher\" content=\"https:\/\/www.facebook.com\/bellucci.srl\/\" \/>\n<meta property=\"article:modified_time\" content=\"2026-01-27T16:26:41+00:00\" \/>\n<script type=\"application\/ld+json\" class=\"yoast-schema-graph\">{\"@context\":\"https:\/\/schema.org\",\"@graph\":[{\"@type\":\"WebPage\",\"@id\":\"https:\/\/belluccisrl.com\/it\/product\/eurotech-robo-clean-anno-2026\/\",\"url\":\"https:\/\/belluccisrl.com\/it\/product\/eurotech-robo-clean-anno-2026\/\",\"name\":\"EUROTECH WAY ROBO CLEAN - Anno 2026 | Bellucci srl\",\"isPartOf\":{\"@id\":\"https:\/\/belluccisrl.com\/#website\"},\"datePublished\":\"2026-01-19T10:23:42+00:00\",\"dateModified\":\"2026-01-27T16:26:41+00:00\",\"breadcrumb\":{\"@id\":\"https:\/\/belluccisrl.com\/it\/product\/eurotech-robo-clean-anno-2026\/#breadcrumb\"},\"inLanguage\":\"it-IT\",\"potentialAction\":[{\"@type\":\"ReadAction\",\"target\":[\"https:\/\/belluccisrl.com\/it\/product\/eurotech-robo-clean-anno-2026\/\"]}]},{\"@type\":\"BreadcrumbList\",\"@id\":\"https:\/\/belluccisrl.com\/it\/product\/eurotech-robo-clean-anno-2026\/#breadcrumb\",\"itemListElement\":[{\"@type\":\"ListItem\",\"position\":1,\"name\":\"Home\",\"item\":\"https:\/\/belluccisrl.com\/it\/home\/\"},{\"@type\":\"ListItem\",\"position\":2,\"name\":\"EUROTECH WAY ROBO CLEAN &#8211; Anno 2026\"}]},{\"@type\":\"WebSite\",\"@id\":\"https:\/\/belluccisrl.com\/#website\",\"url\":\"https:\/\/belluccisrl.com\/\",\"name\":\"Bellucci srl\",\"description\":\"\",\"publisher\":{\"@id\":\"https:\/\/belluccisrl.com\/#organization\"},\"potentialAction\":[{\"@type\":\"SearchAction\",\"target\":{\"@type\":\"EntryPoint\",\"urlTemplate\":\"https:\/\/belluccisrl.com\/?s={search_term_string}\"},\"query-input\":{\"@type\":\"PropertyValueSpecification\",\"valueRequired\":true,\"valueName\":\"search_term_string\"}}],\"inLanguage\":\"it-IT\"},{\"@type\":\"Organization\",\"@id\":\"https:\/\/belluccisrl.com\/#organization\",\"name\":\"Bellucci srl\",\"url\":\"https:\/\/belluccisrl.com\/\",\"logo\":{\"@type\":\"ImageObject\",\"inLanguage\":\"it-IT\",\"@id\":\"https:\/\/belluccisrl.com\/#\/schema\/logo\/image\/\",\"url\":\"https:\/\/belluccisrl.com\/wp-content\/uploads\/2025\/11\/bellucci-512.png\",\"contentUrl\":\"https:\/\/belluccisrl.com\/wp-content\/uploads\/2025\/11\/bellucci-512.png\",\"width\":512,\"height\":512,\"caption\":\"Bellucci srl\"},\"image\":{\"@id\":\"https:\/\/belluccisrl.com\/#\/schema\/logo\/image\/\"},\"sameAs\":[\"https:\/\/www.facebook.com\/bellucci.srl\/\"]}]}<\/script>\n<!-- \/ Yoast SEO plugin. -->","yoast_head_json":{"title":"EUROTECH WAY ROBO CLEAN - Anno 2026 | Bellucci srl","robots":{"index":"index","follow":"follow","max-snippet":"max-snippet:-1","max-image-preview":"max-image-preview:large","max-video-preview":"max-video-preview:-1"},"canonical":"https:\/\/belluccisrl.com\/it\/product\/eurotech-robo-clean-anno-2026\/","og_locale":"it_IT","og_type":"article","og_title":"EUROTECH WAY ROBO CLEAN - Anno 2026 | Bellucci srl","og_description":"Robot per la pulizia e la lucidatura di rulli in silice fusa per forni di tempra del vetro","og_url":"https:\/\/belluccisrl.com\/it\/product\/eurotech-robo-clean-anno-2026\/","og_site_name":"Bellucci srl","article_publisher":"https:\/\/www.facebook.com\/bellucci.srl\/","article_modified_time":"2026-01-27T16:26:41+00:00","schema":{"@context":"https:\/\/schema.org","@graph":[{"@type":"WebPage","@id":"https:\/\/belluccisrl.com\/it\/product\/eurotech-robo-clean-anno-2026\/","url":"https:\/\/belluccisrl.com\/it\/product\/eurotech-robo-clean-anno-2026\/","name":"EUROTECH WAY ROBO CLEAN - Anno 2026 | Bellucci srl","isPartOf":{"@id":"https:\/\/belluccisrl.com\/#website"},"datePublished":"2026-01-19T10:23:42+00:00","dateModified":"2026-01-27T16:26:41+00:00","breadcrumb":{"@id":"https:\/\/belluccisrl.com\/it\/product\/eurotech-robo-clean-anno-2026\/#breadcrumb"},"inLanguage":"it-IT","potentialAction":[{"@type":"ReadAction","target":["https:\/\/belluccisrl.com\/it\/product\/eurotech-robo-clean-anno-2026\/"]}]},{"@type":"BreadcrumbList","@id":"https:\/\/belluccisrl.com\/it\/product\/eurotech-robo-clean-anno-2026\/#breadcrumb","itemListElement":[{"@type":"ListItem","position":1,"name":"Home","item":"https:\/\/belluccisrl.com\/it\/home\/"},{"@type":"ListItem","position":2,"name":"EUROTECH WAY ROBO CLEAN &#8211; Anno 2026"}]},{"@type":"WebSite","@id":"https:\/\/belluccisrl.com\/#website","url":"https:\/\/belluccisrl.com\/","name":"Bellucci srl","description":"","publisher":{"@id":"https:\/\/belluccisrl.com\/#organization"},"potentialAction":[{"@type":"SearchAction","target":{"@type":"EntryPoint","urlTemplate":"https:\/\/belluccisrl.com\/?s={search_term_string}"},"query-input":{"@type":"PropertyValueSpecification","valueRequired":true,"valueName":"search_term_string"}}],"inLanguage":"it-IT"},{"@type":"Organization","@id":"https:\/\/belluccisrl.com\/#organization","name":"Bellucci srl","url":"https:\/\/belluccisrl.com\/","logo":{"@type":"ImageObject","inLanguage":"it-IT","@id":"https:\/\/belluccisrl.com\/#\/schema\/logo\/image\/","url":"https:\/\/belluccisrl.com\/wp-content\/uploads\/2025\/11\/bellucci-512.png","contentUrl":"https:\/\/belluccisrl.com\/wp-content\/uploads\/2025\/11\/bellucci-512.png","width":512,"height":512,"caption":"Bellucci srl"},"image":{"@id":"https:\/\/belluccisrl.com\/#\/schema\/logo\/image\/"},"sameAs":["https:\/\/www.facebook.com\/bellucci.srl\/"]}]}},"_links":{"self":[{"href":"https:\/\/belluccisrl.com\/it\/wp-json\/wp\/v2\/product\/2634","targetHints":{"allow":["GET"]}}],"collection":[{"href":"https:\/\/belluccisrl.com\/it\/wp-json\/wp\/v2\/product"}],"about":[{"href":"https:\/\/belluccisrl.com\/it\/wp-json\/wp\/v2\/types\/product"}],"wp:attachment":[{"href":"https:\/\/belluccisrl.com\/it\/wp-json\/wp\/v2\/media?parent=2634"}],"wp:term":[{"taxonomy":"product-category","embeddable":true,"href":"https:\/\/belluccisrl.com\/it\/wp-json\/wp\/v2\/product-category?post=2634"}],"curies":[{"name":"wp","href":"https:\/\/api.w.org\/{rel}","templated":true}]}}